{"id":78,"date":"2012-06-04T13:19:36","date_gmt":"2012-06-04T11:19:36","guid":{"rendered":"http:\/\/www.vallespir.cat\/?page_id=78"},"modified":"2014-08-21T13:27:20","modified_gmt":"2014-08-21T11:27:20","slug":"multimedia","status":"publish","type":"page","link":"https:\/\/vallespir.cat\/?page_id=78","title":{"rendered":"Multimedia"},"content":{"rendered":"<p>Format video:<\/p>\n<ul>\n<li><a href=\"http:\/\/www.lindependant.fr\/2013\/02\/22\/fevrier-1939-le-film-de-l-exode-d-un-peuple,1730042.php\">Un v\u00eddeo sobre l&#8217;exili republic\u00e0 de l&#8217;Institut Jean Vigo<\/a><\/li>\n<li><a href=\"http:\/\/tools.yoolib.com\/video\/index.php?user=memoirefilmiquedusud&amp;filemedia_id=169&amp;background=ffffff&amp;pdf_type=external&amp;url_css&amp;menu_left_visible&amp;menu_left_type&amp;search&amp;lang&amp;url_return=http:\/\/www.memoirefilmiquedusud.eu\/collection\/145-au-pays-catalan\/?n%3D&amp;sid=sl60767fc8deb1lkqqq2kagvq1&amp;fullscreen=1\">4 pobles del pa\u00eds catal\u00e0: Cotlliure, Port Vendres, Banyuls de la marenda i Cerbera<\/a><\/li>\n<li><a href=\"http:\/\/www.youtube.com\/watch?v=YhzRy2Zj73s&amp;feature=plcp\">Tot pujant a Sant Ferriol<\/a><\/li>\n<li><a href=\"http:\/\/youtu.be\/IAMbkP1JvSw\">Castellers<\/a><\/li>\n<li><a href=\"http:\/\/youtu.be\/I_TpbNOtSb8\">Can\u00e7o de amor i guerra (opereta)<\/a><\/li>\n<li><a href=\"http:\/\/www.youtube.com\/watch?v=b14-sW6Q0Gs\">Porrera en moviment<\/a><\/li>\n<\/ul>\n<p>Format PPs:<\/p>\n<ul>\n<li><a href=\"http:\/\/www.vallespir.cat\/anterior\/PPS\/sardana.pps\">Homenatge a la Sardana (2 Mb)<\/a><\/li>\n<li><a href=\"http:\/\/www.vallespir.cat\/anterior\/PPS\/bcn.pps\">Barcelona principis del segle XX (4 Mb)<\/a><\/li>\n<li><a href=\"http:\/\/www.vallespir.cat\/anterior\/PPS\/gaudi.pps\">Superbe Gaud\u00ed (4,8 Mb)<\/a><\/li>\n<\/ul>\n","protected":false},"excerpt":{"rendered":"<p>Format video: Un v\u00eddeo sobre l&#8217;exili republic\u00e0 de l&#8217;Institut Jean Vigo 4 pobles del pa\u00eds catal\u00e0: Cotlliure, Port Vendres, Banyuls de la marenda i Cerbera Tot pujant a Sant Ferriol Castellers Can\u00e7o de amor i guerra (opereta) Porrera en moviment Format PPs: Homenatge a la Sardana (2 Mb) Barcelona principis del segle XX (4 Mb) [&hellip;]<\/p>\n","protected":false},"author":1,"featured_media":0,"parent":0,"menu_order":0,"comment_status":"open","ping_status":"open","template":"","meta":{"footnotes":""},"class_list":["post-78","page","type-page","status-publish","hentry"],"_links":{"self":[{"href":"https:\/\/vallespir.cat\/index.php?rest_route=\/wp\/v2\/pages\/78","targetHints":{"allow":["GET"]}}],"collection":[{"href":"https:\/\/vallespir.cat\/index.php?rest_route=\/wp\/v2\/pages"}],"about":[{"href":"https:\/\/vallespir.cat\/index.php?rest_route=\/wp\/v2\/types\/page"}],"author":[{"embeddable":true,"href":"https:\/\/vallespir.cat\/index.php?rest_route=\/wp\/v2\/users\/1"}],"replies":[{"embeddable":true,"href":"https:\/\/vallespir.cat\/index.php?rest_route=%2Fwp%2Fv2%2Fcomments&post=78"}],"version-history":[{"count":6,"href":"https:\/\/vallespir.cat\/index.php?rest_route=\/wp\/v2\/pages\/78\/revisions"}],"predecessor-version":[{"id":80,"href":"https:\/\/vallespir.cat\/index.php?rest_route=\/wp\/v2\/pages\/78\/revisions\/80"}],"wp:attachment":[{"href":"https:\/\/vallespir.cat\/index.php?rest_route=%2Fwp%2Fv2%2Fmedia&parent=78"}],"curies":[{"name":"wp","href":"https:\/\/api.w.org\/{rel}","templated":true}]}}